{"id":23630,"date":"2023-09-15T14:36:34","date_gmt":"2023-09-15T14:36:34","guid":{"rendered":"https:\/\/fidelite.wpdev.ca\/wiring\/"},"modified":"2023-10-19T20:34:45","modified_gmt":"2023-10-19T20:34:45","slug":"wiring","status":"publish","type":"page","link":"https:\/\/www.planetehautefidelite.com\/en\/wiring\/","title":{"rendered":"Wiring"},"content":{"rendered":"\n<h1>\n\t\taudio and video wiring\n\t<\/h1>\n<h2>\n\t\tQuality Wiring, the Key to an Unequalled Audiovisual Experience!\n\t<\/h2>\n\t<p>Invest in a superior sound experience, enhanced durability and impeccable design<\/p>\n\t<p>When investing in audiovisual equipment, it&#8217;s essential not to overlook the importance of quality cabling. By opting for top-of-the-range cables, you can ensure optimum signal transmission between your devices, guaranteeing true-to-source sound and image reproduction. Good cabling reduces the risk of interference, disturbance and signal loss, common problems with inferior cables. For you, this means sharper images, more vivid colors and clearer, more detailed sound. What&#8217;s more, quality cables are often more durable and resistant, giving you long-term peace of mind. In short, by making no compromise on cabling quality, you maximize the performance of your audiovisual equipment, allowing you to enjoy every cinematic or musical moment to the full.<\/p>\n\t\t\t<h3>Ask for advice<\/h3>\n\t\t    <form data-form_id=\"18\" id=\"fluentform_18\" data-form_instance=\"ff_form_instance_18_1\" method=\"POST\"><fieldset>\n                    <legend>Contact Form EN<\/legend><input type='hidden' name='__fluent_form_embded_post_id' value='23630' \/><input type=\"hidden\" id=\"_fluentform_18_fluentformnonce\" name=\"_fluentform_18_fluentformnonce\" value=\"c95d6d098a\" \/><input type=\"hidden\" name=\"_wp_http_referer\" value=\"\/en\/?page_id=23630&#038;fl_builder\" \/><label for='ff_18_input_text_1' aria-label=\"name\">name<\/label><input type=\"text\" name=\"input_text_1\" placeholder=\"Name *\" data-name=\"input_text_1\" id=\"ff_18_input_text_1\"  aria-invalid=\"false\" aria-required=true\/><label for='ff_18_email' aria-label=\"Email address\">Email address<\/label><input type=\"email\" name=\"email\" id=\"ff_18_email\" placeholder=\"E-mail *\" data-name=\"email\"  aria-invalid=\"false\" aria-required=true\/><label for='ff_18_numeric-field' aria-label=\"tel\">tel<\/label><input type=\"number\" name=\"numeric-field\" id=\"ff_18_numeric-field\" placeholder=\"Telephone*\" data-name=\"numeric-field\" inputmode=\"numeric\" step=\"any\"  aria-invalid=\"false\" aria-required=true\/><label for='ff_18_input_text' aria-label=\"Sujet\">Sujet<\/label><input type=\"text\" name=\"input_text\" placeholder=\"Subject\" data-name=\"input_text\" id=\"ff_18_input_text\"  aria-invalid=\"false\" aria-required=true\/><label for='ff_18_description' aria-label=\"Message\">Message<\/label><textarea aria-invalid=\"false\" aria-required=true name=\"description\" id=\"ff_18_description\" placeholder=\"Message\" rows=\"6\" cols=\"3\" data-name=\"description\"><\/textarea><button type=\"submit\">Send<\/button><\/fieldset><\/form>        \n\t\t\t\t\t\t\t\t\t\t\t\t\t\t\t\t\t<a href=\"https:\/\/www.planetehautefidelite.com\/wp-content\/uploads\/2023\/09\/4291468-280fd514-luna-mauve-interconnect-15m-rca-rca.jpg\" target=\"_self\" data-caption=\"\" rel=\"noopener\">\n\t\t\t\t\t\t<figure>\n\t\t\t\t\t\t\t\t\t\t\t\t\t\t\t<img decoding=\"async\" src=\"https:\/\/www.planetehautefidelite.com\/wp-content\/uploads\/2023\/09\/4291468-280fd514-luna-mauve-interconnect-15m-rca-rca.jpg\" alt=\"\" \/>\n\t\t\t\t\t\t\t\t\t\t\t\t\t<\/figure>\n\t\t\t\t\t\t\t\t\t\t<\/a>\n\t\t\t\t\t\t\t\t\t\t\t\t\t\t\t\t\t<a href=\"https:\/\/www.planetehautefidelite.com\/wp-content\/uploads\/2023\/09\/4614982-aaf1febb-luna-cable-xlr-rougered-10m.jpg\" target=\"_self\" data-caption=\"\" rel=\"noopener\">\n\t\t\t\t\t\t<figure>\n\t\t\t\t\t\t\t\t\t\t\t\t\t\t\t<img decoding=\"async\" src=\"https:\/\/www.planetehautefidelite.com\/wp-content\/uploads\/2023\/09\/4614982-aaf1febb-luna-cable-xlr-rougered-10m.jpg\" alt=\"\" \/>\n\t\t\t\t\t\t\t\t\t\t\t\t\t<\/figure>\n\t\t\t\t\t\t\t\t\t\t<\/a>\n\t\t\t\t\t\t\t\t\t\t\t\t\t\t\t\t\t<a href=\"https:\/\/www.planetehautefidelite.com\/wp-content\/uploads\/2023\/09\/luna-rogue-1.jpg\" target=\"_self\" data-caption=\"\" rel=\"noopener\">\n\t\t\t\t\t\t<figure>\n\t\t\t\t\t\t\t\t\t\t\t\t\t\t\t<img decoding=\"async\" src=\"https:\/\/www.planetehautefidelite.com\/wp-content\/uploads\/2023\/09\/luna-rogue-1.jpg\" alt=\"\" \/>\n\t\t\t\t\t\t\t\t\t\t\t\t\t<\/figure>\n\t\t\t\t\t\t\t\t\t\t<\/a>\n\t\t\t\t\t\t\t\t\t\t\t\t\t\t\t\t\t<a href=\"https:\/\/www.planetehautefidelite.com\/wp-content\/uploads\/2023\/09\/sbooster-botw-pp-mkii-regulated-linear-power-supply-5v-3a-6v-175a-65v-16a.jpg\" target=\"_self\" data-caption=\"\" rel=\"noopener\">\n\t\t\t\t\t\t<figure>\n\t\t\t\t\t\t\t\t\t\t\t\t\t\t\t<img decoding=\"async\" src=\"https:\/\/www.planetehautefidelite.com\/wp-content\/uploads\/2023\/09\/sbooster-botw-pp-mkii-regulated-linear-power-supply-5v-3a-6v-175a-65v-16a.jpg\" alt=\"\" \/>\n\t\t\t\t\t\t\t\t\t\t\t\t\t<\/figure>\n\t\t\t\t\t\t\t\t\t\t<\/a>\n\t\t\t\t\t\t\t\t\t\t\t\t\t\t\t\t\t<a href=\"https:\/\/www.planetehautefidelite.com\/wp-content\/uploads\/2023\/09\/1651061347.jpg\" target=\"_self\" data-caption=\"\" rel=\"noopener\">\n\t\t\t\t\t\t<figure>\n\t\t\t\t\t\t\t\t\t\t\t\t\t\t\t<img decoding=\"async\" src=\"https:\/\/www.planetehautefidelite.com\/wp-content\/uploads\/2023\/09\/1651061347.jpg\" alt=\"\" \/>\n\t\t\t\t\t\t\t\t\t\t\t\t\t<\/figure>\n\t\t\t\t\t\t\t\t\t\t<\/a>\n\t\t\t\t\t\t\t\t<!-- navigation arrows -->\n\t\t\t<button aria-label=\"Previous slide\" role=\"button\" tabindex=\"0\">\n\t\t\t<\/button>\n\t\t\t<button aria-label=\"Next slide\" role=\"button\" tabindex=\"0\">\n\t\t\t<\/button>\n\t\t\t\t\t\t<!-- pagination -->\n<h5>\n\t\twiring\n\t<\/h5>\n<h2>\n\t\tDifferent brands available\n\t<\/h2>\n\t<p>When you&#8217;re looking to optimize your audio experience, the choice of cabling is often underestimated, yet it&#8217;s essential. Using quality cabling can make all the difference in terms of clarity, dynamics and audio fidelity. With brands such as Luna, Sbooster and Audioquest, you benefit from pure, unadulterated signal transmission, guaranteeing authentic sound reproduction.<\/p>\n<p>By investing in a quality brand, you ensure a listening experience that reaches new heights. So don&#8217;t overlook the importance of good wiring.<\/p>\n<h5>\n\t\tAdvice from professionals\n\t<\/h5>\n<h5>\n\t\tHigh-end products\n\t<\/h5>\n<h5>\n\t\t5-star testimonials galore\n\t<\/h5>\n<h4>\n\t\tCome and listen in person!\n\t<\/h4>\n\t<p>Trying out audiovisual systems in a store like ours before you buy offers several crucial advantages to ensure an optimal viewing and listening experience.<\/p>\n<p><strong>Personal audiovisual experience<\/strong>: How you feel is subjective and can vary from person to person. Testing audiovisual systems in-store allows you to judge visual and sound quality for yourself, according to your own preferences.<\/p>\n<p><strong>Room acoustics and visuals<\/strong>: Our store has dedicated demonstration rooms that simulate different domestic room environments. This gives you an idea of how the audiovisual system can look in your home.<\/p>\n<p><strong>Direct comparison<\/strong>: In our store, you can directly compare several models of audiovisual systems by quickly changing the source, which is invaluable for distinguishing the nuances between different pieces of equipment.<\/p>\n<p><strong>Expert advice<\/strong>: Our specialized audiovisual sales staff can provide valuable information, answer your questions, and guide you in your choice according to your needs and budget.<\/p>\n<p><strong>Understanding size and aesthetics<\/strong>: Online photos can sometimes be misleading. Seeing AV systems in person allows you to assess their actual size and see how they might fit into your space.<\/p>\n<p><strong>Avoid returns<\/strong>: Testing before you buy can reduce the risk of being dissatisfied with your purchase, avoiding the hassle and expense of returning goods.<\/p>\n<p>In the age of e-commerce, where everything is just a click away, the importance of a direct visual and auditory experience should not be underestimated, especially for products as subjective and nuanced as audiovisual equipment.<\/p>\n<h2>\n\t\t3 of our star brands\n\t<\/h2>\n\t\t\t\t<img loading=\"lazy\" decoding=\"async\" src=\"https:\/\/www.planetehautefidelite.com\/wp-content\/uploads\/2023\/09\/LOGO-LUNA-.png\" alt=\"LOGO LUNA\" itemprop=\"image\" height=\"269\" width=\"269\" title=\"LOGO LUNA\" onerror=\"this.style.display='none'\"  \/>\n\t\t\t\t<img loading=\"lazy\" decoding=\"async\" src=\"https:\/\/www.planetehautefidelite.com\/wp-content\/uploads\/2023\/09\/logo__2_-removebg-preview.png\" alt=\"logo__2_-removebg-preview\" itemprop=\"image\" height=\"60\" width=\"288\" title=\"logo__2_-removebg-preview\" onerror=\"this.style.display='none'\"  \/>\n\t\t\t\t<img loading=\"lazy\" decoding=\"async\" src=\"https:\/\/www.planetehautefidelite.com\/wp-content\/uploads\/2023\/09\/Sbooster-logo.png\" alt=\"Sbooster-logo\" itemprop=\"image\" height=\"300\" width=\"1500\" title=\"Sbooster-logo\" onerror=\"this.style.display='none'\"  \/>\n<h2>\n\t\t<a href=\"https:\/\/www.planetehautefidelite.com\/en\/our-brands\/\" title=\"other brands\" target=\"_self\" rel=\"noopener\">\n\t\tother brands\n\t\t<\/a>\n\t<\/h2>\n<h2>\n\t\tImages of our products and store\n\t<\/h2>\n\t\t\t\t<img loading=\"lazy\" decoding=\"async\" src=\"https:\/\/www.planetehautefidelite.com\/wp-content\/uploads\/2023\/09\/67a50f_39dc671f9e8043169ed0131e887a47demv2.jpg\" alt=\"67a50f_39dc671f9e8043169ed0131e887a47de~mv2\" itemprop=\"image\" height=\"1199\" width=\"1798\" title=\"67a50f_39dc671f9e8043169ed0131e887a47de~mv2\" onerror=\"this.style.display='none'\"  \/>\n\t\t\t\t<img loading=\"lazy\" decoding=\"async\" src=\"https:\/\/www.planetehautefidelite.com\/wp-content\/uploads\/2023\/09\/67a50f_732d2e6f71664d96a8ee02cbff67ec46mv2-scaled.jpg\" alt=\"67a50f_732d2e6f71664d96a8ee02cbff67ec46~mv2\" itemprop=\"image\" height=\"1920\" width=\"2560\" title=\"67a50f_732d2e6f71664d96a8ee02cbff67ec46~mv2\" onerror=\"this.style.display='none'\"  \/>\n\t\t\t\t<img loading=\"lazy\" decoding=\"async\" src=\"https:\/\/www.planetehautefidelite.com\/wp-content\/uploads\/2023\/09\/67a50f_367ef0bd22ec40abb672b4f9b0b43b10mv2.jpg\" alt=\"67a50f_367ef0bd22ec40abb672b4f9b0b43b10~mv2\" itemprop=\"image\" height=\"1199\" width=\"1798\" title=\"67a50f_367ef0bd22ec40abb672b4f9b0b43b10~mv2\" onerror=\"this.style.display='none'\"  \/>\n<h4>\n\t\tPersonalized, experienced service\n\t<\/h4>\n\t<p>Plan\u00e8te Haute-Fid\u00e9lit\u00e9 is an ideal place to exchange, discuss and acquire accessories designed to optimize the performance of your devices, such as cabling, power supplies, acoustic panels, and more.<\/p>\n<p>Plan\u00e8te Haute-Fid\u00e9lit\u00e9 reflects more than a quarter-century of expertise acquired by Christian V\u00e9zina, audio\/video consultant and musician, in specialized stores throughout the vast Montreal region. Christian, an avid music lover, is constantly on the lookout for customers&#8217; needs, to guide them wisely in the selection of their stereo system or home cinema.<\/p>\n\t\t\t<a href=\"https:\/\/www.planetehautefidelite.com\/en\/contact-us\/\" target=\"_self\" rel=\"noopener\">\n\t\t\t\t\t\t\tContact us\n\t\t\t\t\t<\/a>\n<h2>\n\t\tFrequently asked questions\n\t<\/h2>\n\t\t\t\tHow important is cabling in a good audio system?\n\t\t\t\t<p>Absolutely. Cabling has a direct impact on the performance of a good audio or home theater system.<\/p>\n\t\t\t\tHow much should I budget for cables?\n\t\t\t\t<p>A minimum of 10% of the total budget for the associated equipment, but this varies widely.<\/p>\n\t\t\t\tWhere to start? Which cable is the most important?\n\t\t\t\t<p>Loudspeaker cables make an easily audible difference, followed by source cables and then power cables.<\/p>\n\t\t\t\tIs it important to have a good power bar?\n\t\t\t\t<p>Yes, because you upgrade and protect all your equipment at once.<\/p>\n\t\t\t\tWhich brand should I look out for?\n\t\t\t\t<p>There are many brands and companies. The best thing to do is to contact us or visit us, so that we can give you more precise guidance.<\/p>\n<h4>\n\t\tTESTIMONIALS\n\t<\/h4>\n\t\t\t\t<img decoding=\"async\" src=\"https:\/\/www.planetehautefidelite.com\/wp-content\/uploads\/bb-plugin\/cache\/unnamed-square.png\" alt=\"unnamed\" title=\"unnamed\" itemprop=\"image\"\/>\n\t\t\t\t\t\t\t\t<h3 class='uabb-testimonial-author-name testimonial-author-name'>Michael Varney<\/h3>\t\t\t\t\t\t\t\t\n                              <input type=\"radio\" value=\"5\"\/>\n                  <label title=\"5 out of 5 stars\"><\/label>\n                  <input type=\"radio\" value=\"4\"\/>\n                  <label title=\"4 out of 5 stars\"><\/label>\n                  <input type=\"radio\" value=\"3\"\/>\n                  <label title=\"3 out of 5 stars\"><\/label>\n                  <input type=\"radio\" value=\"2\"\/>\n                  <label title=\"2 out of 5 stars\"><\/label>\n                  <input type=\"radio\" value=\"1\"\/>\n                  <label title=\"1 out of 5 stars\"><\/label>\n\t\t\t\t\t\t\t<p>&#8220;Christian combines being a real audiophile geek with excellent and empathetic service. His knowledge is truly amazing and there is never a rush to buy&#8230;.&#8221;<\/p>\n\t\t\t\t<img decoding=\"async\" src=\"https:\/\/www.planetehautefidelite.com\/wp-content\/uploads\/bb-plugin\/cache\/unnamed-1-square.png\" alt=\"unnamed (1)\" title=\"unnamed (1)\" itemprop=\"image\"\/>\n\t\t\t\t\t\t\t\t<h3 class='uabb-testimonial-author-name testimonial-author-name'>Frosty Canada<\/h3>\t\t\t\t\t\t\t\t\n                              <input type=\"radio\" value=\"5\"\/>\n                  <label title=\"5 out of 5 stars\"><\/label>\n                  <input type=\"radio\" value=\"4\"\/>\n                  <label title=\"4 out of 5 stars\"><\/label>\n                  <input type=\"radio\" value=\"3\"\/>\n                  <label title=\"3 out of 5 stars\"><\/label>\n                  <input type=\"radio\" value=\"2\"\/>\n                  <label title=\"2 out of 5 stars\"><\/label>\n                  <input type=\"radio\" value=\"1\"\/>\n                  <label title=\"1 out of 5 stars\"><\/label>\n\t\t\t\t\t\t\t<p>&#8220;Plan\u00e8te Haute Fid\u00e9lit\u00e9 is an excellent shop run by a passionate owner who loves serving his customers. I never felt rushed, with zero sales pressure. &#8220;<\/p>\n\t\t\t\t<img decoding=\"async\" src=\"https:\/\/www.planetehautefidelite.com\/wp-content\/uploads\/bb-plugin\/cache\/unnamed-4-square.png\" alt=\"unnamed (4)\" title=\"unnamed (4)\" itemprop=\"image\"\/>\n\t\t\t\t\t\t\t\t<h3 class='uabb-testimonial-author-name testimonial-author-name'>N Gricks<\/h3>\t\t\t\t\t\t\t\t\n                              <input type=\"radio\" value=\"5\"\/>\n                  <label title=\"5 out of 5 stars\"><\/label>\n                  <input type=\"radio\" value=\"4\"\/>\n                  <label title=\"4 out of 5 stars\"><\/label>\n                  <input type=\"radio\" value=\"3\"\/>\n                  <label title=\"3 out of 5 stars\"><\/label>\n                  <input type=\"radio\" value=\"2\"\/>\n                  <label title=\"2 out of 5 stars\"><\/label>\n                  <input type=\"radio\" value=\"1\"\/>\n                  <label title=\"1 out of 5 stars\"><\/label>\n\t\t\t\t\t\t\t<p>&#8220;A super place to visit, listen to high quality new, demo and used hifi gear. Outside the big city centers, this place is unique and appeals to the passionate music listener!&#8221;<\/p>\n\t\t\t\t<img decoding=\"async\" src=\"https:\/\/www.planetehautefidelite.com\/wp-content\/uploads\/bb-plugin\/cache\/unnamed-2-square.png\" alt=\"unnamed (2)\" title=\"unnamed (2)\" itemprop=\"image\"\/>\n\t\t\t\t\t\t\t\t<h3 class='uabb-testimonial-author-name testimonial-author-name'>Alexandre Sirois<\/h3>\t\t\t\t\t\t\t\t\n                              <input type=\"radio\" value=\"5\"\/>\n                  <label title=\"5 out of 5 stars\"><\/label>\n                  <input type=\"radio\" value=\"4\"\/>\n                  <label title=\"4 out of 5 stars\"><\/label>\n                  <input type=\"radio\" value=\"3\"\/>\n                  <label title=\"3 out of 5 stars\"><\/label>\n                  <input type=\"radio\" value=\"2\"\/>\n                  <label title=\"2 out of 5 stars\"><\/label>\n                  <input type=\"radio\" value=\"1\"\/>\n                  <label title=\"1 out of 5 stars\"><\/label>\n\t\t\t\t\t\t\t<p>&#8220;I bought a complete stereo system. Before choosing my kit, I was able to spend a few hours in the store trying out different amp and speaker configurations. Christian, the owner, was extremely helpful&#8230;.&#8221;<\/p>\n\t\t\t\t<img decoding=\"async\" src=\"https:\/\/www.planetehautefidelite.com\/wp-content\/uploads\/bb-plugin\/cache\/unnamed-3-square.png\" alt=\"unnamed (3)\" title=\"unnamed (3)\" itemprop=\"image\"\/>\n\t\t\t\t\t\t\t\t<h3 class='uabb-testimonial-author-name testimonial-author-name'>yan garzon<\/h3>\t\t\t\t\t\t\t\t\n                              <input type=\"radio\" value=\"5\"\/>\n                  <label title=\"5 out of 5 stars\"><\/label>\n                  <input type=\"radio\" value=\"4\"\/>\n                  <label title=\"4 out of 5 stars\"><\/label>\n                  <input type=\"radio\" value=\"3\"\/>\n                  <label title=\"3 out of 5 stars\"><\/label>\n                  <input type=\"radio\" value=\"2\"\/>\n                  <label title=\"2 out of 5 stars\"><\/label>\n                  <input type=\"radio\" value=\"1\"\/>\n                  <label title=\"1 out of 5 stars\"><\/label>\n\t\t\t\t\t\t\t&#8220;For an audiophile, this is the place to be in greater Montreal.<br \/>\nChristian has a great selection to suit all budgets, but above all a chic guy who&#8217;ll be there to help you find what you&#8217;re looking for. Beautiful boutique and what can I say about its listening room! Go for it!&#8221;\n\t\t\t<a href=\"https:\/\/www.planetehautefidelite.com\/en\/testimonials\/\" target=\"_self\" rel=\"noopener\">\n\t\t\t\t\t\t\tSee more testimonials\n\t\t\t\t\t<\/a>\n\n","protected":false},"excerpt":{"rendered":"<p>audio and video wiring Quality Wiring, the Key to an Unequalled Audiovisual Experience! Invest in a superior sound experience, enhanced durability and impeccable design When investing in audiovisual equipment, it&#8217;s essential not to overlook the importance of quality cabling. By opting for top-of-the-range cables, you can ensure optimum signal transmission between your devices, guaranteeing true-to-source [&hellip;]<\/p>\n","protected":false},"author":2,"featured_media":0,"parent":0,"menu_order":0,"comment_status":"closed","ping_status":"closed","template":"","meta":{"_seopress_robots_primary_cat":"","_seopress_titles_title":"","_seopress_titles_desc":"","_seopress_robots_index":"","site-sidebar-layout":"no-sidebar","site-content-layout":"page-builder","ast-site-content-layout":"default","site-content-style":"default","site-sidebar-style":"default","ast-global-header-display":"","ast-banner-title-visibility":"","ast-main-header-display":"","ast-hfb-above-header-display":"","ast-hfb-below-header-display":"","ast-hfb-mobile-header-display":"","site-post-title":"disabled","ast-breadcrumbs-content":"disabled","ast-featured-img":"disabled","footer-sml-layout":"disabled","theme-transparent-header-meta":"default","adv-header-id-meta":"","stick-header-meta":"","header-above-stick-meta":"","header-main-stick-meta":"","header-below-stick-meta":"","astra-migrate-meta-layouts":"default","ast-page-background-enabled":"default","ast-page-background-meta":{"desktop":{"background-color":"var(--ast-global-color-4)","background-image":"","background-repeat":"repeat","background-position":"center center","background-size":"auto","background-attachment":"scroll","background-type":"","background-media":"","overlay-type":"","overlay-color":"","overlay-opacity":"","overlay-gradient":""},"tablet":{"background-color":"","background-image":"","background-repeat":"repeat","background-position":"center center","background-size":"auto","background-attachment":"scroll","background-type":"","background-media":"","overlay-type":"","overlay-color":"","overlay-opacity":"","overlay-gradient":""},"mobile":{"background-color":"","background-image":"","background-repeat":"repeat","background-position":"center center","background-size":"auto","background-attachment":"scroll","background-type":"","background-media":"","overlay-type":"","overlay-color":"","overlay-opacity":"","overlay-gradient":""}},"ast-content-background-meta":{"desktop":{"background-color":"var(--ast-global-color-5)","background-image":"","background-repeat":"repeat","background-position":"center center","background-size":"auto","background-attachment":"scroll","background-type":"","background-media":"","overlay-type":"","overlay-color":"","overlay-opacity":"","overlay-gradient":""},"tablet":{"background-color":"var(--ast-global-color-5)","background-image":"","background-repeat":"repeat","background-position":"center center","background-size":"auto","background-attachment":"scroll","background-type":"","background-media":"","overlay-type":"","overlay-color":"","overlay-opacity":"","overlay-gradient":""},"mobile":{"background-color":"var(--ast-global-color-5)","background-image":"","background-repeat":"repeat","background-position":"center center","background-size":"auto","background-attachment":"scroll","background-type":"","background-media":"","overlay-type":"","overlay-color":"","overlay-opacity":"","overlay-gradient":""}},"footnotes":""},"class_list":["post-23630","page","type-page","status-publish","hentry"],"_links":{"self":[{"href":"https:\/\/www.planetehautefidelite.com\/en\/wp-json\/wp\/v2\/pages\/23630","targetHints":{"allow":["GET"]}}],"collection":[{"href":"https:\/\/www.planetehautefidelite.com\/en\/wp-json\/wp\/v2\/pages"}],"about":[{"href":"https:\/\/www.planetehautefidelite.com\/en\/wp-json\/wp\/v2\/types\/page"}],"author":[{"embeddable":true,"href":"https:\/\/www.planetehautefidelite.com\/en\/wp-json\/wp\/v2\/users\/2"}],"replies":[{"embeddable":true,"href":"https:\/\/www.planetehautefidelite.com\/en\/wp-json\/wp\/v2\/comments?post=23630"}],"version-history":[{"count":2,"href":"https:\/\/www.planetehautefidelite.com\/en\/wp-json\/wp\/v2\/pages\/23630\/revisions"}],"predecessor-version":[{"id":23781,"href":"https:\/\/www.planetehautefidelite.com\/en\/wp-json\/wp\/v2\/pages\/23630\/revisions\/23781"}],"wp:attachment":[{"href":"https:\/\/www.planetehautefidelite.com\/en\/wp-json\/wp\/v2\/media?parent=23630"}],"curies":[{"name":"wp","href":"https:\/\/api.w.org\/{rel}","templated":true}]}}