{"id":23638,"date":"2023-09-04T15:14:41","date_gmt":"2023-09-04T15:14:41","guid":{"rendered":"https:\/\/fidelite.wpdev.ca\/speakers\/"},"modified":"2023-10-19T20:24:07","modified_gmt":"2023-10-19T20:24:07","slug":"speakers","status":"publish","type":"page","link":"https:\/\/www.planetehautefidelite.com\/en\/speakers\/","title":{"rendered":"Speakers"},"content":{"rendered":"\n<h1>\n\t\tHIgh-End Speakers\n\t<\/h1>\n<h2>\n\t\tFor precise, clear and detailed sound reproduction\n\t<\/h2>\n\t<p>Invest in a superior sound experience, enhanced durability and impeccable design<\/p>\n\t<p>Speakers play an essential role in the way we perceive and enjoy audio in our daily lives, whether listening to music, watching movies or playing games. Choosing the right set of speakers can transform an ordinary listening experience into a complete sonic immersion. At Plan\u00e8te Haute Fid\u00e9lit\u00e9, you&#8217;ll find a carefully chosen selection of high-fidelity loudspeakers, combining exceptional sound quality with elegant design. When you visit our boutique for your purchase, you benefit not only from a range of top-quality products, but also from the expertise and advice of a team passionate about audio. Choosing high-fidelity planet for your loudspeakers means ensuring an unrivalled sound experience that lives up to your most demanding expectations.<\/p>\n\t\t\t<h3>Ask for advice<\/h3>\n\t\t    <form data-form_id=\"18\" id=\"fluentform_18\" data-form_instance=\"ff_form_instance_18_1\" method=\"POST\"><fieldset>\n                    <legend>Contact Form EN<\/legend><input type='hidden' name='__fluent_form_embded_post_id' value='23638' \/><input type=\"hidden\" id=\"_fluentform_18_fluentformnonce\" name=\"_fluentform_18_fluentformnonce\" value=\"c95d6d098a\" \/><input type=\"hidden\" name=\"_wp_http_referer\" value=\"\/en\/?page_id=23638&#038;fl_builder\" \/><label for='ff_18_input_text_1' aria-label=\"name\">name<\/label><input type=\"text\" name=\"input_text_1\" placeholder=\"Name *\" data-name=\"input_text_1\" id=\"ff_18_input_text_1\"  aria-invalid=\"false\" aria-required=true\/><label for='ff_18_email' aria-label=\"Email address\">Email address<\/label><input type=\"email\" name=\"email\" id=\"ff_18_email\" placeholder=\"E-mail *\" data-name=\"email\"  aria-invalid=\"false\" aria-required=true\/><label for='ff_18_numeric-field' aria-label=\"tel\">tel<\/label><input type=\"number\" name=\"numeric-field\" id=\"ff_18_numeric-field\" placeholder=\"Telephone*\" data-name=\"numeric-field\" inputmode=\"numeric\" step=\"any\"  aria-invalid=\"false\" aria-required=true\/><label for='ff_18_input_text' aria-label=\"Sujet\">Sujet<\/label><input type=\"text\" name=\"input_text\" placeholder=\"Subject\" data-name=\"input_text\" id=\"ff_18_input_text\"  aria-invalid=\"false\" aria-required=true\/><label for='ff_18_description' aria-label=\"Message\">Message<\/label><textarea aria-invalid=\"false\" aria-required=true name=\"description\" id=\"ff_18_description\" placeholder=\"Message\" rows=\"6\" cols=\"3\" data-name=\"description\"><\/textarea><button type=\"submit\">Send<\/button><\/fieldset><\/form>        \n\t\t\t\t\t\t\t\t\t\t\t\t\t\t\t\t\t<a href=\"https:\/\/www.planetehautefidelite.com\/wp-content\/uploads\/2023\/09\/5.jpg\" target=\"_self\" data-caption=\"\" rel=\"noopener\">\n\t\t\t\t\t\t<figure>\n\t\t\t\t\t\t\t\t\t\t\t\t\t\t\t<img decoding=\"async\" src=\"https:\/\/www.planetehautefidelite.com\/wp-content\/uploads\/2023\/09\/5.jpg\" alt=\"\" \/>\n\t\t\t\t\t\t\t\t\t\t\t\t\t<\/figure>\n\t\t\t\t\t\t\t\t\t\t<\/a>\n\t\t\t\t\t\t\t\t\t\t\t\t\t\t\t\t\t<a href=\"https:\/\/www.planetehautefidelite.com\/wp-content\/uploads\/2023\/09\/4.jpg\" target=\"_self\" data-caption=\"\" rel=\"noopener\">\n\t\t\t\t\t\t<figure>\n\t\t\t\t\t\t\t\t\t\t\t\t\t\t\t<img decoding=\"async\" src=\"https:\/\/www.planetehautefidelite.com\/wp-content\/uploads\/2023\/09\/4.jpg\" alt=\"\" \/>\n\t\t\t\t\t\t\t\t\t\t\t\t\t<\/figure>\n\t\t\t\t\t\t\t\t\t\t<\/a>\n\t\t\t\t\t\t\t\t\t\t\t\t\t\t\t\t\t<a href=\"https:\/\/www.planetehautefidelite.com\/wp-content\/uploads\/2023\/09\/3.jpg\" target=\"_self\" data-caption=\"\" rel=\"noopener\">\n\t\t\t\t\t\t<figure>\n\t\t\t\t\t\t\t\t\t\t\t\t\t\t\t<img decoding=\"async\" src=\"https:\/\/www.planetehautefidelite.com\/wp-content\/uploads\/2023\/09\/3.jpg\" alt=\"\" \/>\n\t\t\t\t\t\t\t\t\t\t\t\t\t<\/figure>\n\t\t\t\t\t\t\t\t\t\t<\/a>\n\t\t\t\t\t\t\t\t\t\t\t\t\t\t\t\t\t<a href=\"https:\/\/www.planetehautefidelite.com\/wp-content\/uploads\/2023\/09\/2.jpg\" target=\"_self\" data-caption=\"\" rel=\"noopener\">\n\t\t\t\t\t\t<figure>\n\t\t\t\t\t\t\t\t\t\t\t\t\t\t\t<img decoding=\"async\" src=\"https:\/\/www.planetehautefidelite.com\/wp-content\/uploads\/2023\/09\/2.jpg\" alt=\"\" \/>\n\t\t\t\t\t\t\t\t\t\t\t\t\t<\/figure>\n\t\t\t\t\t\t\t\t\t\t<\/a>\n\t\t\t\t\t\t\t\t\t\t\t\t\t\t\t\t\t<a href=\"https:\/\/www.planetehautefidelite.com\/wp-content\/uploads\/2023\/09\/1.jpg\" target=\"_self\" data-caption=\"\" rel=\"noopener\">\n\t\t\t\t\t\t<figure>\n\t\t\t\t\t\t\t\t\t\t\t\t\t\t\t<img decoding=\"async\" src=\"https:\/\/www.planetehautefidelite.com\/wp-content\/uploads\/2023\/09\/1.jpg\" alt=\"\" \/>\n\t\t\t\t\t\t\t\t\t\t\t\t\t<\/figure>\n\t\t\t\t\t\t\t\t\t\t<\/a>\n\t\t\t\t\t\t\t\t<!-- navigation arrows -->\n\t\t\t<button aria-label=\"Previous slide\" role=\"button\" tabindex=\"0\">\n\t\t\t<\/button>\n\t\t\t<button aria-label=\"Next slide\" role=\"button\" tabindex=\"0\">\n\t\t\t<\/button>\n\t\t\t\t\t\t<!-- pagination -->\n<h5>\n\t\tSpeakers\n\t<\/h5>\n<h2>\n\t\tDifferent brands available\n\t<\/h2>\n\t<p>From Martin Logan to Monitor Audio, we offer a great choice for those who really value their music or audiovisual experience. Choosing a high-end loudspeaker is often the only way to meet their high expectations of sound quality.<\/p>\n<h5>\n\t\tAdvice from professionals\n\t<\/h5>\n<h5>\n\t\tHigh-end products\n\t<\/h5>\n<h5>\n\t\t5-star testimonials galore\n\t<\/h5>\n<h4>\n\t\tCome and listen in person!\n\t<\/h4>\n\t<p>Trying out loudspeakers in a store like ours before you buy offers several crucial advantages to ensure an optimal listening experience.<\/p>\n<ol>\n<li><strong>Personal sound experience<\/strong>: What you hear is subjective and can vary from person to person. Testing speakers in-store allows you to judge sound quality for yourself, according to your own preferences.<\/li>\n<li><strong>Room acoustics<\/strong>: Our store has dedicated listening rooms that simulate different domestic room acoustics. This gives you an idea of how the speakers might sound in your home.<\/li>\n<li><strong>Direct comparison<\/strong>: In our store, you can directly compare several loudspeaker models by quickly changing the source, which is invaluable for distinguishing the nuances between different equipment.<\/li>\n<li><strong>Expert advice<\/strong>: Our audio sales specialists can provide valuable information, answer your questions, and guide you in your choice according to your needs and budget.<\/li>\n<li><strong>Understanding size and aesthetics<\/strong>: Online photos can sometimes be misleading. Seeing the speakers in person allows you to assess their actual size and see how they might fit into your space.<\/li>\n<li><strong>Avoid returns<\/strong>: Testing before you buy can reduce the risk of being dissatisfied with your purchase, avoiding the hassle and expense of returning goods.<\/li>\n<\/ol>\n<p>In the age of e-commerce, where everything is accessible at the click of a button, the importance of a direct tactile and auditory experience should not be underestimated, especially for products as subjective and nuanced as audio equipment.<\/p>\n<h2>\n\t\t3 of our star brands\n\t<\/h2>\n\t\t\t\t<img loading=\"lazy\" decoding=\"async\" src=\"https:\/\/www.planetehautefidelite.com\/wp-content\/uploads\/2023\/09\/focal.png\" alt=\"focal\" itemprop=\"image\" height=\"34\" width=\"159\" title=\"focal\" onerror=\"this.style.display='none'\"  \/>\n\t\t\t\t<img loading=\"lazy\" decoding=\"async\" src=\"https:\/\/www.planetehautefidelite.com\/wp-content\/uploads\/2023\/09\/martinlogan-logo-red.png\" alt=\"martinlogan-logo-red\" itemprop=\"image\" height=\"416\" width=\"424\" title=\"martinlogan-logo-red\" onerror=\"this.style.display='none'\"  \/>\n\t\t\t\t<img loading=\"lazy\" decoding=\"async\" src=\"https:\/\/www.planetehautefidelite.com\/wp-content\/uploads\/2023\/09\/moniter.png\" alt=\"moniter\" itemprop=\"image\" height=\"135\" width=\"726\" title=\"moniter\" onerror=\"this.style.display='none'\"  \/>\n<h2>\n\t\t<a href=\"https:\/\/www.planetehautefidelite.com\/en\/our-brands\/\" title=\"other brands\" target=\"_self\" rel=\"noopener\">\n\t\tother brands\n\t\t<\/a>\n\t<\/h2>\n<h2>\n\t\tImages of our products and store\n\t<\/h2>\n\t\t\t\t<img loading=\"lazy\" decoding=\"async\" src=\"https:\/\/www.planetehautefidelite.com\/wp-content\/uploads\/2023\/09\/67a50f_39dc671f9e8043169ed0131e887a47demv2.jpg\" alt=\"67a50f_39dc671f9e8043169ed0131e887a47de~mv2\" itemprop=\"image\" height=\"1199\" width=\"1798\" title=\"67a50f_39dc671f9e8043169ed0131e887a47de~mv2\" onerror=\"this.style.display='none'\"  \/>\n\t\t\t\t<img loading=\"lazy\" decoding=\"async\" src=\"https:\/\/www.planetehautefidelite.com\/wp-content\/uploads\/2023\/09\/67a50f_732d2e6f71664d96a8ee02cbff67ec46mv2-scaled.jpg\" alt=\"67a50f_732d2e6f71664d96a8ee02cbff67ec46~mv2\" itemprop=\"image\" height=\"1920\" width=\"2560\" title=\"67a50f_732d2e6f71664d96a8ee02cbff67ec46~mv2\" onerror=\"this.style.display='none'\"  \/>\n\t\t\t\t<img loading=\"lazy\" decoding=\"async\" src=\"https:\/\/www.planetehautefidelite.com\/wp-content\/uploads\/2023\/09\/67a50f_367ef0bd22ec40abb672b4f9b0b43b10mv2.jpg\" alt=\"67a50f_367ef0bd22ec40abb672b4f9b0b43b10~mv2\" itemprop=\"image\" height=\"1199\" width=\"1798\" title=\"67a50f_367ef0bd22ec40abb672b4f9b0b43b10~mv2\" onerror=\"this.style.display='none'\"  \/>\n<h4>\n\t\tPersonalized, experienced service\n\t<\/h4>\n\t<p>Plan\u00e8te Haute-Fid\u00e9lit\u00e9 is an ideal place to exchange, discuss and acquire accessories designed to optimize the performance of your devices, such as cabling, power supplies, acoustic panels, and more.<\/p>\n<p>Plan\u00e8te Haute-Fid\u00e9lit\u00e9 reflects more than a quarter-century of expertise acquired by Christian V\u00e9zina, audio\/video consultant and musician, in specialized stores throughout the vast Montreal region. Christian, an avid music lover, is constantly on the lookout for customers&#8217; needs, to guide them wisely in the selection of their stereo system or home cinema.<\/p>\n\t\t\t<a href=\"https:\/\/www.planetehautefidelite.com\/en\/contact-us\/\" target=\"_self\" rel=\"noopener\">\n\t\t\t\t\t\t\tContact us\n\t\t\t\t\t<\/a>\n<h2>\n\t\tFrequently asked questions\n\t<\/h2>\n\t\t\t\tDo small speakers play as well as big ones?\n\t\t\t\t<p>Yes, they can play just as well, but don&#8217;t expect so much bass in the little ones. The rich low-frequency sound of a double bass cannot be reproduced in a violin. The same goes for HP. The volume of the housing is very important.<\/p>\n\t\t\t\tCan all speakers be used in a home theater?\n\t\t\t\t<p>Yes. It&#8217;s just a matter of arranging all the HPs in a coherent way. Cinema receivers all have settings that allow different types of hp to be combined. Of course, the ideal is to have the same series from the same manufacturer for all HP when the budget allows.<\/p>\n\t\t\t\t  what are the specifications to look at to ensure that the amp\/hp pairing will be optimal?\n\t\t\t\t<p>Efficiency in watts\/meter. For most audio\/video receivers, speakers rated at 87dB and above will be adequate. If the room is very large, you&#8217;ll need to go up to at least 90db or 92dB or more. In stereophony, this is highly variable, depending on the amperage and power of the amp.<\/p>\n\t\t\t\tAre there speakers for every style of music?\n\t\t\t\t<p>Good guitars can play any style of music, depending on the player. For HPs, the chain of equipment feeding them will make all the difference if we take into account HP requirements.<\/p>\n\t\t\t\tDo you sell electrostatic loudspeakers?\n\t\t\t\t<p>Yes, we have a fine selection of Martin Logan products in store.<\/p>\n<h4>\n\t\tTESTIMONIALS\n\t<\/h4>\n\t\t\t\t<img decoding=\"async\" src=\"https:\/\/www.planetehautefidelite.com\/wp-content\/uploads\/bb-plugin\/cache\/unnamed-square.png\" alt=\"unnamed\" title=\"unnamed\" itemprop=\"image\"\/>\n\t\t\t\t\t\t\t\t<h3 class='uabb-testimonial-author-name testimonial-author-name'>Michael Varney<\/h3>\t\t\t\t\t\t\t\t\n                              <input type=\"radio\" value=\"5\"\/>\n                  <label title=\"5 out of 5 stars\"><\/label>\n                  <input type=\"radio\" value=\"4\"\/>\n                  <label title=\"4 out of 5 stars\"><\/label>\n                  <input type=\"radio\" value=\"3\"\/>\n                  <label title=\"3 out of 5 stars\"><\/label>\n                  <input type=\"radio\" value=\"2\"\/>\n                  <label title=\"2 out of 5 stars\"><\/label>\n                  <input type=\"radio\" value=\"1\"\/>\n                  <label title=\"1 out of 5 stars\"><\/label>\n\t\t\t\t\t\t\t<p>&#8220;Christian combines being a real audiophile geek with excellent and empathetic service. His knowledge is truly amazing and there is never a rush to buy&#8230;.&#8221;<\/p>\n\t\t\t\t<img decoding=\"async\" src=\"https:\/\/www.planetehautefidelite.com\/wp-content\/uploads\/bb-plugin\/cache\/unnamed-1-square.png\" alt=\"unnamed (1)\" title=\"unnamed (1)\" itemprop=\"image\"\/>\n\t\t\t\t\t\t\t\t<h3 class='uabb-testimonial-author-name testimonial-author-name'>Frosty Canada<\/h3>\t\t\t\t\t\t\t\t\n                              <input type=\"radio\" value=\"5\"\/>\n                  <label title=\"5 out of 5 stars\"><\/label>\n                  <input type=\"radio\" value=\"4\"\/>\n                  <label title=\"4 out of 5 stars\"><\/label>\n                  <input type=\"radio\" value=\"3\"\/>\n                  <label title=\"3 out of 5 stars\"><\/label>\n                  <input type=\"radio\" value=\"2\"\/>\n                  <label title=\"2 out of 5 stars\"><\/label>\n                  <input type=\"radio\" value=\"1\"\/>\n                  <label title=\"1 out of 5 stars\"><\/label>\n\t\t\t\t\t\t\t<p>&#8220;Plan\u00e8te Haute Fid\u00e9lit\u00e9 is an excellent shop run by a passionate owner who loves serving his customers. I never felt rushed, with zero sales pressure. &#8220;<\/p>\n\t\t\t\t<img decoding=\"async\" src=\"https:\/\/www.planetehautefidelite.com\/wp-content\/uploads\/bb-plugin\/cache\/unnamed-4-square.png\" alt=\"unnamed (4)\" title=\"unnamed (4)\" itemprop=\"image\"\/>\n\t\t\t\t\t\t\t\t<h3 class='uabb-testimonial-author-name testimonial-author-name'>N Gricks<\/h3>\t\t\t\t\t\t\t\t\n                              <input type=\"radio\" value=\"5\"\/>\n                  <label title=\"5 out of 5 stars\"><\/label>\n                  <input type=\"radio\" value=\"4\"\/>\n                  <label title=\"4 out of 5 stars\"><\/label>\n                  <input type=\"radio\" value=\"3\"\/>\n                  <label title=\"3 out of 5 stars\"><\/label>\n                  <input type=\"radio\" value=\"2\"\/>\n                  <label title=\"2 out of 5 stars\"><\/label>\n                  <input type=\"radio\" value=\"1\"\/>\n                  <label title=\"1 out of 5 stars\"><\/label>\n\t\t\t\t\t\t\t<p>&#8220;A super place to visit, listen to high quality new, demo and used hifi gear. Outside the big city centers, this place is unique and appeals to the passionate music listener!&#8221;<\/p>\n\t\t\t\t<img decoding=\"async\" src=\"https:\/\/www.planetehautefidelite.com\/wp-content\/uploads\/bb-plugin\/cache\/unnamed-2-square.png\" alt=\"unnamed (2)\" title=\"unnamed (2)\" itemprop=\"image\"\/>\n\t\t\t\t\t\t\t\t<h3 class='uabb-testimonial-author-name testimonial-author-name'>Alexandre Sirois<\/h3>\t\t\t\t\t\t\t\t\n                              <input type=\"radio\" value=\"5\"\/>\n                  <label title=\"5 out of 5 stars\"><\/label>\n                  <input type=\"radio\" value=\"4\"\/>\n                  <label title=\"4 out of 5 stars\"><\/label>\n                  <input type=\"radio\" value=\"3\"\/>\n                  <label title=\"3 out of 5 stars\"><\/label>\n                  <input type=\"radio\" value=\"2\"\/>\n                  <label title=\"2 out of 5 stars\"><\/label>\n                  <input type=\"radio\" value=\"1\"\/>\n                  <label title=\"1 out of 5 stars\"><\/label>\n\t\t\t\t\t\t\t<p>&#8220;I bought a complete stereo system. Before choosing my kit, I was able to spend a few hours in the store trying out different amp and speaker configurations. Christian, the owner, was extremely helpful&#8230;.&#8221;<\/p>\n\t\t\t\t<img decoding=\"async\" src=\"https:\/\/www.planetehautefidelite.com\/wp-content\/uploads\/bb-plugin\/cache\/unnamed-3-square.png\" alt=\"unnamed (3)\" title=\"unnamed (3)\" itemprop=\"image\"\/>\n\t\t\t\t\t\t\t\t<h3 class='uabb-testimonial-author-name testimonial-author-name'>yan garzon<\/h3>\t\t\t\t\t\t\t\t\n                              <input type=\"radio\" value=\"5\"\/>\n                  <label title=\"5 out of 5 stars\"><\/label>\n                  <input type=\"radio\" value=\"4\"\/>\n                  <label title=\"4 out of 5 stars\"><\/label>\n                  <input type=\"radio\" value=\"3\"\/>\n                  <label title=\"3 out of 5 stars\"><\/label>\n                  <input type=\"radio\" value=\"2\"\/>\n                  <label title=\"2 out of 5 stars\"><\/label>\n                  <input type=\"radio\" value=\"1\"\/>\n                  <label title=\"1 out of 5 stars\"><\/label>\n\t\t\t\t\t\t\t&#8220;For an audiophile, this is the place to be in greater Montreal.<br \/>\nChristian has a great selection to suit all budgets, but above all a chic guy who&#8217;ll be there to help you find what you&#8217;re looking for. Beautiful store and what can I say about its listening room! Go for it!&#8221;\n\t\t\t<a href=\"https:\/\/www.planetehautefidelite.com\/en\/testimonials\/\" target=\"_self\" rel=\"noopener\">\n\t\t\t\t\t\t\tSee more testimonials\n\t\t\t\t\t<\/a>\n\n","protected":false},"excerpt":{"rendered":"<p>HIgh-End Speakers For precise, clear and detailed sound reproduction Invest in a superior sound experience, enhanced durability and impeccable design Speakers play an essential role in the way we perceive and enjoy audio in our daily lives, whether listening to music, watching movies or playing games. Choosing the right set of speakers can transform an [&hellip;]<\/p>\n","protected":false},"author":2,"featured_media":0,"parent":0,"menu_order":0,"comment_status":"closed","ping_status":"closed","template":"","meta":{"_seopress_robots_primary_cat":"","_seopress_titles_title":"","_seopress_titles_desc":"","_seopress_robots_index":"","site-sidebar-layout":"no-sidebar","site-content-layout":"page-builder","ast-site-content-layout":"full-width-container","site-content-style":"default","site-sidebar-style":"default","ast-global-header-display":"","ast-banner-title-visibility":"","ast-main-header-display":"","ast-hfb-above-header-display":"","ast-hfb-below-header-display":"","ast-hfb-mobile-header-display":"","site-post-title":"disabled","ast-breadcrumbs-content":"disabled","ast-featured-img":"disabled","footer-sml-layout":"disabled","theme-transparent-header-meta":"default","adv-header-id-meta":"","stick-header-meta":"","header-above-stick-meta":"","header-main-stick-meta":"","header-below-stick-meta":"","astra-migrate-meta-layouts":"default","ast-page-background-enabled":"default","ast-page-background-meta":{"desktop":{"background-color":"var(--ast-global-color-4)","background-image":"","background-repeat":"repeat","background-position":"center center","background-size":"auto","background-attachment":"scroll","background-type":"","background-media":"","overlay-type":"","overlay-color":"","overlay-opacity":"","overlay-gradient":""},"tablet":{"background-color":"","background-image":"","background-repeat":"repeat","background-position":"center center","background-size":"auto","background-attachment":"scroll","background-type":"","background-media":"","overlay-type":"","overlay-color":"","overlay-opacity":"","overlay-gradient":""},"mobile":{"background-color":"","background-image":"","background-repeat":"repeat","background-position":"center center","background-size":"auto","background-attachment":"scroll","background-type":"","background-media":"","overlay-type":"","overlay-color":"","overlay-opacity":"","overlay-gradient":""}},"ast-content-background-meta":{"desktop":{"background-color":"var(--ast-global-color-5)","background-image":"","background-repeat":"repeat","background-position":"center center","background-size":"auto","background-attachment":"scroll","background-type":"","background-media":"","overlay-type":"","overlay-color":"","overlay-opacity":"","overlay-gradient":""},"tablet":{"background-color":"var(--ast-global-color-5)","background-image":"","background-repeat":"repeat","background-position":"center center","background-size":"auto","background-attachment":"scroll","background-type":"","background-media":"","overlay-type":"","overlay-color":"","overlay-opacity":"","overlay-gradient":""},"mobile":{"background-color":"var(--ast-global-color-5)","background-image":"","background-repeat":"repeat","background-position":"center center","background-size":"auto","background-attachment":"scroll","background-type":"","background-media":"","overlay-type":"","overlay-color":"","overlay-opacity":"","overlay-gradient":""}},"footnotes":""},"class_list":["post-23638","page","type-page","status-publish","hentry"],"_links":{"self":[{"href":"https:\/\/www.planetehautefidelite.com\/en\/wp-json\/wp\/v2\/pages\/23638","targetHints":{"allow":["GET"]}}],"collection":[{"href":"https:\/\/www.planetehautefidelite.com\/en\/wp-json\/wp\/v2\/pages"}],"about":[{"href":"https:\/\/www.planetehautefidelite.com\/en\/wp-json\/wp\/v2\/types\/page"}],"author":[{"embeddable":true,"href":"https:\/\/www.planetehautefidelite.com\/en\/wp-json\/wp\/v2\/users\/2"}],"replies":[{"embeddable":true,"href":"https:\/\/www.planetehautefidelite.com\/en\/wp-json\/wp\/v2\/comments?post=23638"}],"version-history":[{"count":1,"href":"https:\/\/www.planetehautefidelite.com\/en\/wp-json\/wp\/v2\/pages\/23638\/revisions"}],"predecessor-version":[{"id":23776,"href":"https:\/\/www.planetehautefidelite.com\/en\/wp-json\/wp\/v2\/pages\/23638\/revisions\/23776"}],"wp:attachment":[{"href":"https:\/\/www.planetehautefidelite.com\/en\/wp-json\/wp\/v2\/media?parent=23638"}],"curies":[{"name":"wp","href":"https:\/\/api.w.org\/{rel}","templated":true}]}}