{"id":23639,"date":"2023-08-03T15:00:16","date_gmt":"2023-08-03T15:00:16","guid":{"rendered":"https:\/\/fidelite.wpdev.ca\/about-us\/"},"modified":"2023-11-14T19:01:22","modified_gmt":"2023-11-14T19:01:22","slug":"about-us","status":"publish","type":"page","link":"https:\/\/www.planetehautefidelite.com\/en\/about-us\/","title":{"rendered":"About us"},"content":{"rendered":"\n<h2>\n\t\tPlan\u00e8te Haute Fidelit\u00e9\n\t<\/h2>\n<h3>\n\t\tExperienced service and passion!\n\t<\/h3>\n<h2>\n\t\tOUR PROMISE\n\t<\/h2>\n\t<ul>\n\t\t\t<li>\n\t\t\t\tOffer you competitive prices to meet any budget.\n\t\t\t<\/li>\n\t\t\t<li>\n\t\t\t\tProvide service that meets your expectations.\n\t\t\t<\/li>\n\t\t\t<li>\n\t\t\t\tLet you experience the full range of emotions that come with listening to your favorite music, with quality equipment that can be matched to your d\u00e9cor.\n\t\t\t<\/li>\n\t\t<\/ul>\n\t<p>&#8220;The sound room in which we listen to our music or movie sings by itself. Hence the importance of well-chosen and appropriately positioned speakers, to ensure harmony in your acoustic environment.&#8221;<\/p>\n\t<p>&#8220;I&#8217;ve always dreamed of making the people from my region, benefit from my passion and my experience of the wonderful world of high-end audio.&#8221;<\/p>\n\t<p>Welcome &#8220;to your home&#8221; my friends from Lanaudi\u00e8re and elsewhere !\u00a0<\/p>\n\t<p>Christian Vezina<\/p>\n\t\t\t<a href=\"https:\/\/www.planetehautefidelite.com\/en\/contact-us\/\" target=\"_self\" rel=\"noopener\">\n\t\t\t\t\t\t\tContact us\n\t\t\t\t\t<\/a>\n<h2>\n\t\tWHO WE ARE\n\t<\/h2>\n\t<p>Plan\u00e8te Haute-Fid\u00e9lit\u00e9 is a high-end audio-video shop located in the heart of the city of Repentigny.<\/p>\n<p>It is the place to see, touch and listen to high-end gear before taking it home.<\/p>\n<p>You will find quality products, new and second hand, competitive prices and top-quality service. From the small portable speaker to the reference turntable through valve or solid-state amplifiers. You will also find headphones, vinyl records and lots of fun!<\/p>\n<p>It is also the ideal place to discuss, exchange and purchase accessories to improve your equipment&#8217;s performance (wiring, power supply, acoustic panels, etc.).<\/p>\n<p>Plan\u00e8te Haute-Fid\u00e9lit\u00e9 is the result of more than 25 years of experience in specialized shops in the Greater Montreal area, by the audio-video advisor and musician Christian V\u00e9zina. An enthusiast of sound and a music lover, who&#8217;s always in tune with people to better advise them with the choice of their sound system or their home theater.<\/p>\n\t\t\t<a href=\"https:\/\/www.planetehautefidelite.com\/en\/contact-us\/\" target=\"_self\" rel=\"noopener\">\n\t\t\t\t\t\t\tContact us\n\t\t\t\t\t<\/a>\n<h3>\n\t\tWhether you&#8217;re looking for a small Bluetooth speaker, a good pair of headphones or the amp you&#8217;ve always dreamed of, come and try us out!  \n\t<\/h3>\n<h2>\n\t\tOUR SERVICES\n\t<\/h2>\n\t<p>Sales<\/p>\n<p>Repair<\/p>\n<p>Estimates<\/p>\nInstallation and calibration of audio\/video equipment<br \/>\nand high-fidelity\n<p>Residential and commercial<\/p>\n\t\t\t<a href=\"https:\/\/www.planetehautefidelite.com\/en\/contact-us\/\" target=\"_self\" rel=\"noopener\">\n\t\t\t\t\t\t\tContact us\n\t\t\t\t\t<\/a>\n\n","protected":false},"excerpt":{"rendered":"<p>Plan\u00e8te Haute Fidelit\u00e9 Experienced service and passion! OUR PROMISE Offer you competitive prices to meet any budget. Provide service that meets your expectations. Let you experience the full range of emotions that come with listening to your favorite music, with quality equipment that can be matched to your d\u00e9cor. &#8220;The sound room in which we [&hellip;]<\/p>\n","protected":false},"author":2,"featured_media":0,"parent":0,"menu_order":0,"comment_status":"closed","ping_status":"closed","template":"","meta":{"_seopress_robots_primary_cat":"","_seopress_titles_title":"","_seopress_titles_desc":"","_seopress_robots_index":"","site-sidebar-layout":"no-sidebar","site-content-layout":"page-builder","ast-site-content-layout":"default","site-content-style":"default","site-sidebar-style":"default","ast-global-header-display":"","ast-banner-title-visibility":"","ast-main-header-display":"","ast-hfb-above-header-display":"","ast-hfb-below-header-display":"","ast-hfb-mobile-header-display":"","site-post-title":"disabled","ast-breadcrumbs-content":"disabled","ast-featured-img":"disabled","footer-sml-layout":"disabled","theme-transparent-header-meta":"default","adv-header-id-meta":"","stick-header-meta":"","header-above-stick-meta":"","header-main-stick-meta":"","header-below-stick-meta":"","astra-migrate-meta-layouts":"default","ast-page-background-enabled":"default","ast-page-background-meta":{"desktop":{"background-color":"var(--ast-global-color-4)","background-image":"","background-repeat":"repeat","background-position":"center center","background-size":"auto","background-attachment":"scroll","background-type":"","background-media":"","overlay-type":"","overlay-color":"","overlay-opacity":"","overlay-gradient":""},"tablet":{"background-color":"","background-image":"","background-repeat":"repeat","background-position":"center center","background-size":"auto","background-attachment":"scroll","background-type":"","background-media":"","overlay-type":"","overlay-color":"","overlay-opacity":"","overlay-gradient":""},"mobile":{"background-color":"","background-image":"","background-repeat":"repeat","background-position":"center center","background-size":"auto","background-attachment":"scroll","background-type":"","background-media":"","overlay-type":"","overlay-color":"","overlay-opacity":"","overlay-gradient":""}},"ast-content-background-meta":{"desktop":{"background-color":"var(--ast-global-color-5)","background-image":"","background-repeat":"repeat","background-position":"center center","background-size":"auto","background-attachment":"scroll","background-type":"","background-media":"","overlay-type":"","overlay-color":"","overlay-opacity":"","overlay-gradient":""},"tablet":{"background-color":"var(--ast-global-color-5)","background-image":"","background-repeat":"repeat","background-position":"center center","background-size":"auto","background-attachment":"scroll","background-type":"","background-media":"","overlay-type":"","overlay-color":"","overlay-opacity":"","overlay-gradient":""},"mobile":{"background-color":"var(--ast-global-color-5)","background-image":"","background-repeat":"repeat","background-position":"center center","background-size":"auto","background-attachment":"scroll","background-type":"","background-media":"","overlay-type":"","overlay-color":"","overlay-opacity":"","overlay-gradient":""}},"footnotes":""},"class_list":["post-23639","page","type-page","status-publish","hentry"],"_links":{"self":[{"href":"https:\/\/www.planetehautefidelite.com\/en\/wp-json\/wp\/v2\/pages\/23639","targetHints":{"allow":["GET"]}}],"collection":[{"href":"https:\/\/www.planetehautefidelite.com\/en\/wp-json\/wp\/v2\/pages"}],"about":[{"href":"https:\/\/www.planetehautefidelite.com\/en\/wp-json\/wp\/v2\/types\/page"}],"author":[{"embeddable":true,"href":"https:\/\/www.planetehautefidelite.com\/en\/wp-json\/wp\/v2\/users\/2"}],"replies":[{"embeddable":true,"href":"https:\/\/www.planetehautefidelite.com\/en\/wp-json\/wp\/v2\/comments?post=23639"}],"version-history":[{"count":3,"href":"https:\/\/www.planetehautefidelite.com\/en\/wp-json\/wp\/v2\/pages\/23639\/revisions"}],"predecessor-version":[{"id":23981,"href":"https:\/\/www.planetehautefidelite.com\/en\/wp-json\/wp\/v2\/pages\/23639\/revisions\/23981"}],"wp:attachment":[{"href":"https:\/\/www.planetehautefidelite.com\/en\/wp-json\/wp\/v2\/media?parent=23639"}],"curies":[{"name":"wp","href":"https:\/\/api.w.org\/{rel}","templated":true}]}}