{"id":23640,"date":"2023-07-14T05:05:48","date_gmt":"2023-07-14T05:05:48","guid":{"rendered":"https:\/\/fidelite.wpdev.ca\/blog\/"},"modified":"2024-02-09T22:33:26","modified_gmt":"2024-02-09T22:33:26","slug":"news","status":"publish","type":"page","link":"https:\/\/www.planetehautefidelite.com\/en\/news\/","title":{"rendered":"Blog"},"content":{"rendered":"\n<h1>\n\t\t  NEWS\n\t<\/h1>\n\tKeep up to date with the latest events, news and information.<br \/>\ntrendy stories from around the world.\n<h5>\n\t\t<a href=\"\/blog\" title=\"All posts | Tous les posts\" target=\"_self\" rel=\"noopener\">\n\t\tAll posts | Tous les posts\n\t\t<\/a>\n\t<\/h5>\n\t\t\t\t\t\t\t\t\t\t\t\t\t\t<a href=\"https:\/\/www.planetehautefidelite.com\/en\/post\/wea-re-now-dealers-for-utopia-of-focal\/\" target=\"_self\" title=\"We are now autorized dealers for Utopia, Focal top of the line speaker lineup!\" rel=\"noopener\">\n\t\t\t\t<img decoding=\"async\" src=\"https:\/\/www.planetehautefidelite.com\/wp-content\/uploads\/2024\/02\/Focal-Scala-Utopia-Evo-side-scaled.jpg\" alt=\"\" \/>\n\t\t\t\t<\/a>\n\t\t\t\t\t\t<h3>\n\t\t\t\t<a href=https:\/\/www.planetehautefidelite.com\/en\/post\/wea-re-now-dealers-for-utopia-of-focal\/ title=\"We are now autorized dealers for Utopia, Focal top of the line speaker lineup!\" tabindex=\"0\">We are now autorized dealers for Utopia, Focal top of the line speaker lineup!<\/a>\t\t\t<\/h3>\n\t\t\t\t\t\t\t\tThe Scala Utopia EVO are now playing in the store! They are very impressive and definitely will make an impact on you. Come and visit us to listen to it! https:\/\/www.focal.com\/ca\/fr\/enceintes-haute-fidelite\/utopia-iii-evo\/scala-utopia-evo\n\t\t\t<a href=\"https:\/\/www.planetehautefidelite.com\/en\/post\/wea-re-now-dealers-for-utopia-of-focal\/\" target=\"_self\" role=\"button\" aria-label=\"Read more\" rel=\"noopener\">\n\t\t\t\t\t\t\tRead more\n\t\t<\/a>\n\t\t\t\t\t\t\t\t\t\t\t\t\t\t<a href=\"https:\/\/www.planetehautefidelite.com\/en\/post\/we-are-now-a-dealer-for-simaudios-moon-products\/\" target=\"_self\" title=\"We are now a dealer for Simaudio&#8217;s moon products\" rel=\"noopener\">\n\t\t\t\t<img decoding=\"async\" src=\"https:\/\/www.planetehautefidelite.com\/wp-content\/uploads\/2024\/01\/Moon-Product-of-the-year.jpg\" alt=\"\" \/>\n\t\t\t\t<\/a>\n\t\t\t\t\t\t<h3>\n\t\t\t\t<a href=https:\/\/www.planetehautefidelite.com\/en\/post\/we-are-now-a-dealer-for-simaudios-moon-products\/ title=\"We are now a dealer for Simaudio&#8217;s moon products\" tabindex=\"0\">We are now a dealer for Simaudio&#8217;s moon products<\/a>\t\t\t<\/h3>\n\t\t\t\t\t\t\t\tWe are delighted to add Simaudio&#8217;s Moon products to our range of high-fidelity equipment. Moon products are made entirely in Quebec (Boucherville). The new North series will take place of choice in the new section of the store. Come and visit us to listen to it! #MoonbySimaudio #NorthCollection #MadeinCanada #ExploreNewFrontiers #PlaneteHauteFidelite #HiFi\n\t\t\t<a href=\"https:\/\/www.planetehautefidelite.com\/en\/post\/we-are-now-a-dealer-for-simaudios-moon-products\/\" target=\"_self\" role=\"button\" aria-label=\"Read more\" rel=\"noopener\">\n\t\t\t\t\t\t\tRead more\n\t\t<\/a>\n\t\t\t\t\t\t\t\t\t\t\t\t\t\t<a href=\"https:\/\/www.planetehautefidelite.com\/en\/post\/report-from-ted-magazine-on-novembre-21st\/\" target=\"_self\" title=\"Report from TED MAGAZINE on Novembre 21st!\" rel=\"noopener\">\n\t\t\t\t<img decoding=\"async\" src=\"https:\/\/www.planetehautefidelite.com\/wp-content\/uploads\/2023\/11\/planetehf.webp\" alt=\"\" \/>\n\t\t\t\t<\/a>\n\t\t\t\t\t\t<h3>\n\t\t\t\t<a href=https:\/\/www.planetehautefidelite.com\/en\/post\/report-from-ted-magazine-on-novembre-21st\/ title=\"Report from TED MAGAZINE on Novembre 21st!\" tabindex=\"0\">Report from TED MAGAZINE on Novembre 21st!<\/a>\t\t\t<\/h3>\n\t\t\t\t\t\t\t\tInterview with Yves B\u00e9rub\u00e9 from TREND Electronic and Design Magazine. Clic in this link to read the interview: https:\/\/www.tedpublications.com\/fr\/en\/news-from-planete-haute-fidelite\/\n\t\t\t<a href=\"https:\/\/www.planetehautefidelite.com\/en\/post\/report-from-ted-magazine-on-novembre-21st\/\" target=\"_self\" role=\"button\" aria-label=\"Read more\" rel=\"noopener\">\n\t\t\t\t\t\t\tRead more\n\t\t<\/a>\n\t\t\t\t\t\t\t\t\t\t\t\t\t\t<a href=\"https:\/\/www.planetehautefidelite.com\/en\/post\/report-from-pma-magazine-on-november-17th\/\" target=\"_self\" title=\"Report from PMA MAGAZINE on November 17th!\" rel=\"noopener\">\n\t\t\t\t<img decoding=\"async\" src=\"https:\/\/www.planetehautefidelite.com\/wp-content\/uploads\/2023\/11\/2023-11-13-PTP_6491-1-scaled.jpg\" alt=\"Nouvelle salle d&#039;\u00e9coute\" \/>\n\t\t\t\t<\/a>\n\t\t\t\t\t\t<h3>\n\t\t\t\t<a href=https:\/\/www.planetehautefidelite.com\/en\/post\/report-from-pma-magazine-on-november-17th\/ title=\"Report from PMA MAGAZINE on November 17th!\" tabindex=\"0\">Report from PMA MAGAZINE on November 17th!<\/a>\t\t\t<\/h3>\n\t\t\t\t\t\t\t\tThank you to PMA magazine for being present during the unveiling of the new window and the two new listening rooms! Click on this link to read the article:\u00a0https:\/\/pmamedia.org\/celebrating-5-years-planete-haute-fidelite-is-expanding\/\n\t\t\t<a href=\"https:\/\/www.planetehautefidelite.com\/en\/post\/report-from-pma-magazine-on-november-17th\/\" target=\"_self\" role=\"button\" aria-label=\"Read more\" rel=\"noopener\">\n\t\t\t\t\t\t\tRead more\n\t\t<\/a>\n\t\t\t\t\t\t\t\t\t\t\t\t\t\t<a href=\"https:\/\/www.planetehautefidelite.com\/en\/post\/maintenant-depositaire-des-cables-sysmic-audio\/\" target=\"_self\" title=\"Maintenant d\u00e9positaire des c\u00e2bles Sysmic Audio!\" rel=\"noopener\">\n\t\t\t\t<img decoding=\"async\" src=\"https:\/\/www.planetehautefidelite.com\/wp-content\/uploads\/2023\/11\/67a50f_81259493b1fb4f0da2ddfe3f21fe5dd0mv2.jpg\" alt=\"\" \/>\n\t\t\t\t<\/a>\n\t\t\t\t\t\t<h3>\n\t\t\t\t<a href=https:\/\/www.planetehautefidelite.com\/en\/post\/maintenant-depositaire-des-cables-sysmic-audio\/ title=\"Maintenant d\u00e9positaire des c\u00e2bles Sysmic Audio!\" tabindex=\"0\">Maintenant d\u00e9positaire des c\u00e2bles Sysmic Audio!<\/a>\t\t\t<\/h3>\n\t\t\t\t\t\t\t\tSysmic cables are manufactured in Alma in Lac St-Jean.\n\t\t\t<a href=\"https:\/\/www.planetehautefidelite.com\/en\/post\/maintenant-depositaire-des-cables-sysmic-audio\/\" target=\"_self\" role=\"button\" aria-label=\"Read more\" rel=\"noopener\">\n\t\t\t\t\t\t\tRead more\n\t\t<\/a>\n\t\t\t\t\t\t\t\t\t\t\t\t\t\t<a href=\"https:\/\/www.planetehautefidelite.com\/en\/post\/summer-vacations-2\/\" target=\"_self\" title=\"Summer vacations!\" rel=\"noopener\">\n\t\t\t\t<img decoding=\"async\" src=\"https:\/\/www.planetehautefidelite.com\/wp-content\/uploads\/2023\/07\/67a50f_182adb5d94204d609d641c141beed477_mv2.png\" alt=\"\" \/>\n\t\t\t\t<\/a>\n\t\t\t\t\t\t<h3>\n\t\t\t\t<a href=https:\/\/www.planetehautefidelite.com\/en\/post\/summer-vacations-2\/ title=\"Summer vacations!\" tabindex=\"0\">Summer vacations!<\/a>\t\t\t<\/h3>\n\t\t\t\t\t\t\t\tPlease note that the boutique will be closed from July 23 to August 7 inclusively for the summer vacations.  \nThank you for your understanding!\n\t\t\t<a href=\"https:\/\/www.planetehautefidelite.com\/en\/post\/summer-vacations-2\/\" target=\"_self\" role=\"button\" aria-label=\"Read more\" rel=\"noopener\">\n\t\t\t\t\t\t\tRead more\n\t\t<\/a>\n\t\t\t\t\t\t\t\t\t\t\t\t\t\t<a href=\"https:\/\/www.planetehautefidelite.com\/en\/post\/phono-cell-upgrade\/\" target=\"_self\" title=\"Phono cell upgrade!\" rel=\"noopener\">\n\t\t\t\t<img decoding=\"async\" src=\"https:\/\/www.planetehautefidelite.com\/wp-content\/uploads\/2023\/07\/67a50f_47dbc5bf0d97404883cb01f81d784d0d_mv2.webp\" alt=\"\" \/>\n\t\t\t\t<\/a>\n\t\t\t\t\t\t<h3>\n\t\t\t\t<a href=https:\/\/www.planetehautefidelite.com\/en\/post\/phono-cell-upgrade\/ title=\"Phono cell upgrade!\" tabindex=\"0\">Phono cell upgrade!<\/a>\t\t\t<\/h3>\n\t\t\t\t\t\t\t\tPhono cell upgrade on Sylvain Pichette&#8217;s Stable 33.2MK2 turntable. We go from a Japanese Hana SL cartridge ($920) to a Swiss EMT HSD 006 cartridge ($2390). Taxes not included.\nTo be continued&#8230;\n\t\t\t<a href=\"https:\/\/www.planetehautefidelite.com\/en\/post\/phono-cell-upgrade\/\" target=\"_self\" role=\"button\" aria-label=\"Read more\" rel=\"noopener\">\n\t\t\t\t\t\t\tRead more\n\t\t<\/a>\n\t\t\t\t\t\t\t\t\t\t\t\t\t\t<a href=\"https:\/\/www.planetehautefidelite.com\/en\/post\/the-new-fondation-range-from-martin-logan-has-just-arrived-in-stores\/\" target=\"_self\" title=\"The new Fondation range from Martin Logan has just arrived in stores!\" rel=\"noopener\">\n\t\t\t\t<img decoding=\"async\" src=\"https:\/\/www.planetehautefidelite.com\/wp-content\/uploads\/2023\/07\/67a50f_55db7760c3cc4d049566ee7c4b01f961_mv2.webp\" alt=\"\" \/>\n\t\t\t\t<\/a>\n\t\t\t\t\t\t<h3>\n\t\t\t\t<a href=https:\/\/www.planetehautefidelite.com\/en\/post\/the-new-fondation-range-from-martin-logan-has-just-arrived-in-stores\/ title=\"The new Fondation range from Martin Logan has just arrived in stores!\" tabindex=\"0\">The new Fondation range from Martin Logan has just arrived in stores!<\/a>\t\t\t<\/h3>\n\t\t\t\t\t\t\t\tIt comprises two different towers, two models for bookshelves or on tripods, and a central one for home theaters. They are the most affordable of the Martin Logan family. Available in black or satin-finish white walnut.\nFoundation B1 @ $799.98 per pair, Foundation B2 @ $999.98 per pair, Foundation F1 @ $1999.98 per pair, Foundation F2 @ $2499.98 per pair and Foundation C1 @ $649.98 each. For more details, visit our website or drop by our boutique!  \n\t\t\t<a href=\"https:\/\/www.planetehautefidelite.com\/en\/post\/the-new-fondation-range-from-martin-logan-has-just-arrived-in-stores\/\" target=\"_self\" role=\"button\" aria-label=\"Read more\" rel=\"noopener\">\n\t\t\t\t\t\t\tRead more\n\t\t<\/a>\n\t\t\t\t\t\t\t\t\t\t\t\t\t\t<a href=\"https:\/\/www.planetehautefidelite.com\/en\/post\/hegel-brings-us-a-new-cd-player\/\" target=\"_self\" title=\"Hegel brings us a new CD player!\" rel=\"noopener\">\n\t\t\t\t<img decoding=\"async\" src=\"https:\/\/www.planetehautefidelite.com\/wp-content\/uploads\/2023\/07\/67a50f_bcde01f848fb4af79dd04eefbf23eceb_mv2.jpg\" alt=\"\" \/>\n\t\t\t\t<\/a>\n\t\t\t\t\t\t<h3>\n\t\t\t\t<a href=https:\/\/www.planetehautefidelite.com\/en\/post\/hegel-brings-us-a-new-cd-player\/ title=\"Hegel brings us a new CD player!\" tabindex=\"0\">Hegel brings us a new CD player!<\/a>\t\t\t<\/h3>\n\t\t\t\t\t\t\t\tThe Viking, Hegel&#8217;s new reference CD player, will be available in September at a price of $5999 + tax.\nTo be continued&#8230;\n\t\t\t<a href=\"https:\/\/www.planetehautefidelite.com\/en\/post\/hegel-brings-us-a-new-cd-player\/\" target=\"_self\" role=\"button\" aria-label=\"Read more\" rel=\"noopener\">\n\t\t\t\t\t\t\tRead more\n\t\t<\/a>\n\t\t\t\t\t\t\t\t\t\t\t\t\t\t<a href=\"https:\/\/www.planetehautefidelite.com\/en\/post\/musical-fidelity-surprises-us-once-again\/\" target=\"_self\" title=\"Musical Fidelity surprises us once again!\" rel=\"noopener\">\n\t\t\t\t<img decoding=\"async\" src=\"https:\/\/www.planetehautefidelite.com\/wp-content\/uploads\/2023\/07\/67a50f_1959b4db44df4bc281051b063c0181bf_mv2.png\" alt=\"\" \/>\n\t\t\t\t<\/a>\n\t\t\t\t\t\t<h3>\n\t\t\t\t<a href=https:\/\/www.planetehautefidelite.com\/en\/post\/musical-fidelity-surprises-us-once-again\/ title=\"Musical Fidelity surprises us once again!\" tabindex=\"0\">Musical Fidelity surprises us once again!<\/a>\t\t\t<\/h3>\n\t\t\t\t\t\t\t\tWith the return of an audio icon, Rogers introduces the legendary Rogers LS3\/5A small studio monitors to its product range, to complement the return of their A1 integrated. There will also be LS5\/9! They will be identified with the Musical Fidelity name but designed to the BBC&#8217;s original specifications.\n\t\t\t<a href=\"https:\/\/www.planetehautefidelite.com\/en\/post\/musical-fidelity-surprises-us-once-again\/\" target=\"_self\" role=\"button\" aria-label=\"Read more\" rel=\"noopener\">\n\t\t\t\t\t\t\tRead more\n\t\t<\/a>\n\t\t\t\t\t\t\t\t\t\t\t\t\t\t<a href=\"https:\/\/www.planetehautefidelite.com\/en\/post\/musical-fidelity-brings-back-one-of-the-most-iconic-integrated-amplifiers-of-all-time\/\" target=\"_self\" title=\"Musical Fidelity brings back one of the most iconic integrated amplifiers of all time!\" rel=\"noopener\">\n\t\t\t\t<img decoding=\"async\" src=\"https:\/\/www.planetehautefidelite.com\/wp-content\/uploads\/2023\/07\/67a50f_618c27a035d2483e9d497b0210cc26d2_mv2.jpg\" alt=\"\" \/>\n\t\t\t\t<\/a>\n\t\t\t\t\t\t<h3>\n\t\t\t\t<a href=https:\/\/www.planetehautefidelite.com\/en\/post\/musical-fidelity-brings-back-one-of-the-most-iconic-integrated-amplifiers-of-all-time\/ title=\"Musical Fidelity brings back one of the most iconic integrated amplifiers of all time!\" tabindex=\"0\">Musical Fidelity brings back one of the most iconic integrated amplifiers of all time!<\/a>\t\t\t<\/h3>\n\t\t\t\t\t\t\t\tThanks to its enormous success, the Musical Fidelity A1 has undergone numerous reissues and new versions over the years.\n\t\t\t<a href=\"https:\/\/www.planetehautefidelite.com\/en\/post\/musical-fidelity-brings-back-one-of-the-most-iconic-integrated-amplifiers-of-all-time\/\" target=\"_self\" role=\"button\" aria-label=\"Read more\" rel=\"noopener\">\n\t\t\t\t\t\t\tRead more\n\t\t<\/a>\n\t\t\t\t\t\t\t\t\t\t\t\t\t\t<a href=\"https:\/\/www.planetehautefidelite.com\/en\/post\/enlargement\/\" target=\"_self\" title=\"ENLARGEMENT!\" rel=\"noopener\">\n\t\t\t\t<img decoding=\"async\" src=\"https:\/\/www.planetehautefidelite.com\/wp-content\/uploads\/2023\/07\/67a50f_1c5bee84a40246c3820aef61eab9bf5f_mv2.webp\" alt=\"\" \/>\n\t\t\t\t<\/a>\n\t\t\t\t\t\t<h3>\n\t\t\t\t<a href=https:\/\/www.planetehautefidelite.com\/en\/post\/enlargement\/ title=\"ENLARGEMENT!\" tabindex=\"0\">ENLARGEMENT!<\/a>\t\t\t<\/h3>\n\t\t\t\t\t\t\t\tIt&#8217;s now confirmed: PLAN\u00c8TE HAUTE-FID\u00c9LIT\u00c9 will double in size! After almost 5 years in operation, the need for more space became essential to enable us to better serve our customers. The neighbouring store will be twinned with the current premises, so the same address. More details coming soon!\n\t\t\t<a href=\"https:\/\/www.planetehautefidelite.com\/en\/post\/enlargement\/\" target=\"_self\" role=\"button\" aria-label=\"Read more\" rel=\"noopener\">\n\t\t\t\t\t\t\tRead more\n\t\t<\/a>\n\t\t\t<ul class='page-numbers'>\n\t<li>1<\/li>\n\t<li><a href=\"https:\/\/www.planetehautefidelite.com\/en\/news\/page\/2\/?fl_builder\">2<\/a><\/li>\n\t<li><a href=\"https:\/\/www.planetehautefidelite.com\/en\/news\/page\/3\/?fl_builder\">3<\/a><\/li>\n\t<li>&hellip;<\/li>\n\t<li><a href=\"https:\/\/www.planetehautefidelite.com\/en\/news\/page\/13\/?fl_builder\">13<\/a><\/li>\n\t<li><a href=\"https:\/\/www.planetehautefidelite.com\/en\/news\/page\/2\/?fl_builder\">Next &raquo;<\/a><\/li>\n<\/ul>\n\t\t\n","protected":false},"excerpt":{"rendered":"<p>NEWS Keep up to date with the latest events, news and information. trendy stories from around the world. All posts | Tous les posts We are now autorized dealers for Utopia, Focal top of the line speaker lineup! The Scala Utopia EVO are now playing in the store! They are very impressive and definitely will [&hellip;]<\/p>\n","protected":false},"author":2,"featured_media":0,"parent":0,"menu_order":0,"comment_status":"closed","ping_status":"closed","template":"","meta":{"_seopress_robots_primary_cat":"","_seopress_titles_title":"","_seopress_titles_desc":"","_seopress_robots_index":"","site-sidebar-layout":"no-sidebar","site-content-layout":"page-builder","ast-site-content-layout":"full-width-container","site-content-style":"unboxed","site-sidebar-style":"unboxed","ast-global-header-display":"","ast-banner-title-visibility":"","ast-main-header-display":"","ast-hfb-above-header-display":"","ast-hfb-below-header-display":"","ast-hfb-mobile-header-display":"","site-post-title":"disabled","ast-breadcrumbs-content":"disabled","ast-featured-img":"disabled","footer-sml-layout":"disabled","theme-transparent-header-meta":"default","adv-header-id-meta":"","stick-header-meta":"","header-above-stick-meta":"","header-main-stick-meta":"","header-below-stick-meta":"","astra-migrate-meta-layouts":"default","ast-page-background-enabled":"default","ast-page-background-meta":{"desktop":{"background-color":"var(--ast-global-color-4)","background-image":"","background-repeat":"repeat","background-position":"center center","background-size":"auto","background-attachment":"scroll","background-type":"","background-media":"","overlay-type":"","overlay-color":"","overlay-opacity":"","overlay-gradient":""},"tablet":{"background-color":"","background-image":"","background-repeat":"repeat","background-position":"center center","background-size":"auto","background-attachment":"scroll","background-type":"","background-media":"","overlay-type":"","overlay-color":"","overlay-opacity":"","overlay-gradient":""},"mobile":{"background-color":"","background-image":"","background-repeat":"repeat","background-position":"center center","background-size":"auto","background-attachment":"scroll","background-type":"","background-media":"","overlay-type":"","overlay-color":"","overlay-opacity":"","overlay-gradient":""}},"ast-content-background-meta":{"desktop":{"background-color":"var(--ast-global-color-5)","background-image":"","background-repeat":"repeat","background-position":"center center","background-size":"auto","background-attachment":"scroll","background-type":"","background-media":"","overlay-type":"","overlay-color":"","overlay-opacity":"","overlay-gradient":""},"tablet":{"background-color":"var(--ast-global-color-5)","background-image":"","background-repeat":"repeat","background-position":"center center","background-size":"auto","background-attachment":"scroll","background-type":"","background-media":"","overlay-type":"","overlay-color":"","overlay-opacity":"","overlay-gradient":""},"mobile":{"background-color":"var(--ast-global-color-5)","background-image":"","background-repeat":"repeat","background-position":"center center","background-size":"auto","background-attachment":"scroll","background-type":"","background-media":"","overlay-type":"","overlay-color":"","overlay-opacity":"","overlay-gradient":""}},"footnotes":""},"class_list":["post-23640","page","type-page","status-publish","hentry"],"_links":{"self":[{"href":"https:\/\/www.planetehautefidelite.com\/en\/wp-json\/wp\/v2\/pages\/23640","targetHints":{"allow":["GET"]}}],"collection":[{"href":"https:\/\/www.planetehautefidelite.com\/en\/wp-json\/wp\/v2\/pages"}],"about":[{"href":"https:\/\/www.planetehautefidelite.com\/en\/wp-json\/wp\/v2\/types\/page"}],"author":[{"embeddable":true,"href":"https:\/\/www.planetehautefidelite.com\/en\/wp-json\/wp\/v2\/users\/2"}],"replies":[{"embeddable":true,"href":"https:\/\/www.planetehautefidelite.com\/en\/wp-json\/wp\/v2\/comments?post=23640"}],"version-history":[{"count":8,"href":"https:\/\/www.planetehautefidelite.com\/en\/wp-json\/wp\/v2\/pages\/23640\/revisions"}],"predecessor-version":[{"id":24342,"href":"https:\/\/www.planetehautefidelite.com\/en\/wp-json\/wp\/v2\/pages\/23640\/revisions\/24342"}],"wp:attachment":[{"href":"https:\/\/www.planetehautefidelite.com\/en\/wp-json\/wp\/v2\/media?parent=23640"}],"curies":[{"name":"wp","href":"https:\/\/api.w.org\/{rel}","templated":true}]}}